{"id":52,"date":"2018-11-08T21:33:14","date_gmt":"2018-11-08T21:33:14","guid":{"rendered":"http:\/\/spd-agmuv-breisgau.de\/?page_id=52"},"modified":"2021-01-18T13:56:42","modified_gmt":"2021-01-18T13:56:42","slug":"presseecho","status":"publish","type":"page","link":"https:\/\/spd-agmuv-breisgau.de\/?page_id=52","title":{"rendered":"Presseecho"},"content":{"rendered":"<p><a href=\"https:\/\/www.badische-zeitung.de\/hinter-jeder-zahl-steht-ein-gesicht\">Hinter jeder Zahl steht ein Gesicht<\/a> (ver\u00f6ffentlicht am 11. Oktoeber 2018 auf badische-zeitung.de)<\/p>\n<p><a href=\"https:\/\/www.badische-zeitung.de\/damit-fluechtlinge-mit-arbeitsplatz-bleiben-duerfen\">Damit Fl\u00fcchtlinge am Arbeitsplatz bleiben d\u00fcrfen<\/a> (ver\u00f6ffentlicht am 27. Juli 2018 auf badische-zeitung.de)<\/p>\n\n\n<p><\/p>\n","protected":false},"excerpt":{"rendered":"<p>Hinter jeder Zahl steht ein Gesicht (ver\u00f6ffentlicht am 11. Oktoeber 2018 auf badische-zeitung.de) Damit Fl\u00fcchtlinge am Arbeitsplatz bleiben d\u00fcrfen (ver\u00f6ffentlicht am 27. Juli 2018 auf badische-zeitung.de)<\/p>\n","protected":false},"author":1,"featured_media":0,"parent":0,"menu_order":0,"comment_status":"closed","ping_status":"closed","template":"template-centered.php","meta":[],"_links":{"self":[{"href":"https:\/\/spd-agmuv-breisgau.de\/index.php?rest_route=\/wp\/v2\/pages\/52"}],"collection":[{"href":"https:\/\/spd-agmuv-breisgau.de\/index.php?rest_route=\/wp\/v2\/pages"}],"about":[{"href":"https:\/\/spd-agmuv-breisgau.de\/index.php?rest_route=\/wp\/v2\/types\/page"}],"author":[{"embeddable":true,"href":"https:\/\/spd-agmuv-breisgau.de\/index.php?rest_route=\/wp\/v2\/users\/1"}],"replies":[{"embeddable":true,"href":"https:\/\/spd-agmuv-breisgau.de\/index.php?rest_route=%2Fwp%2Fv2%2Fcomments&post=52"}],"version-history":[{"count":4,"href":"https:\/\/spd-agmuv-breisgau.de\/index.php?rest_route=\/wp\/v2\/pages\/52\/revisions"}],"predecessor-version":[{"id":244,"href":"https:\/\/spd-agmuv-breisgau.de\/index.php?rest_route=\/wp\/v2\/pages\/52\/revisions\/244"}],"wp:attachment":[{"href":"https:\/\/spd-agmuv-breisgau.de\/index.php?rest_route=%2Fwp%2Fv2%2Fmedia&parent=52"}],"curies":[{"name":"wp","href":"https:\/\/api.w.org\/{rel}","templated":true}]}}