{"id":50,"date":"2018-11-08T21:33:14","date_gmt":"2018-11-08T21:33:14","guid":{"rendered":"http:\/\/spd-agmuv-breisgau.de\/?page_id=50"},"modified":"2020-11-15T20:40:58","modified_gmt":"2020-11-15T20:40:58","slug":"veranstaltungen","status":"publish","type":"page","link":"https:\/\/spd-agmuv-breisgau.de\/?page_id=50","title":{"rendered":"Veranstaltungen"},"content":{"rendered":"\n<p>Hier findet Ihr zuk\u00fcnftige und vergangene Veranstaltungen unserer AG. <\/p>\n\n\n\n<p>Wer Interesse hat, bei der Planung und Durchf\u00fchrung mitzuhelfen oder einfach Vorschl\u00e4ge f\u00fcr Veranstaltungen zum Thema Migration, Integration oder Vielfalt machen m\u00f6chte, darf sich gerne <a href=\"http:\/\/spd-agmuv-breisgau.de\/?page_id=55\">bei uns<\/a> melden. Wir freuen uns \u00fcber Anregungen. <\/p>\n","protected":false},"excerpt":{"rendered":"<p>Hier findet Ihr zuk\u00fcnftige und vergangene Veranstaltungen unserer AG. Wer Interesse hat, bei der Planung und Durchf\u00fchrung mitzuhelfen oder einfach Vorschl\u00e4ge f\u00fcr Veranstaltungen zum Thema Migration, Integration oder Vielfalt machen m\u00f6chte, darf sich gerne bei uns melden. Wir freuen uns \u00fcber Anregungen.<\/p>\n","protected":false},"author":1,"featured_media":0,"parent":0,"menu_order":0,"comment_status":"closed","ping_status":"closed","template":"","meta":[],"_links":{"self":[{"href":"https:\/\/spd-agmuv-breisgau.de\/index.php?rest_route=\/wp\/v2\/pages\/50"}],"collection":[{"href":"https:\/\/spd-agmuv-breisgau.de\/index.php?rest_route=\/wp\/v2\/pages"}],"about":[{"href":"https:\/\/spd-agmuv-breisgau.de\/index.php?rest_route=\/wp\/v2\/types\/page"}],"author":[{"embeddable":true,"href":"https:\/\/spd-agmuv-breisgau.de\/index.php?rest_route=\/wp\/v2\/users\/1"}],"replies":[{"embeddable":true,"href":"https:\/\/spd-agmuv-breisgau.de\/index.php?rest_route=%2Fwp%2Fv2%2Fcomments&post=50"}],"version-history":[{"count":2,"href":"https:\/\/spd-agmuv-breisgau.de\/index.php?rest_route=\/wp\/v2\/pages\/50\/revisions"}],"predecessor-version":[{"id":185,"href":"https:\/\/spd-agmuv-breisgau.de\/index.php?rest_route=\/wp\/v2\/pages\/50\/revisions\/185"}],"wp:attachment":[{"href":"https:\/\/spd-agmuv-breisgau.de\/index.php?rest_route=%2Fwp%2Fv2%2Fmedia&parent=50"}],"curies":[{"name":"wp","href":"https:\/\/api.w.org\/{rel}","templated":true}]}}