{"id":223,"date":"2021-01-15T22:35:47","date_gmt":"2021-01-15T22:35:47","guid":{"rendered":"http:\/\/spd-agmuv-breisgau.de\/?page_id=223"},"modified":"2021-02-07T13:33:19","modified_gmt":"2021-02-07T13:33:19","slug":"antraege-der-ag","status":"publish","type":"page","link":"https:\/\/spd-agmuv-breisgau.de\/?page_id=223","title":{"rendered":"Antr\u00e4ge der AG"},"content":{"rendered":"\n<ul><li><a href=\"http:\/\/spd-agmuv-breisgau.de\/wp-content\/uploads\/2021\/01\/Antrag-Abschaffung-Wohnsitzauflage-fuer-Gefluechtete.pdf\">Abschaffung der Wohnsitzauflage f\u00fcr Gefl\u00fcchtete<\/a><\/li><li><a href=\"http:\/\/spd-agmuv-breisgau.de\/wp-content\/uploads\/2021\/01\/Antrag-Mindeststandards-Unterbringung-fuer-Gefluechtete.pdf\">Schaffung einheitlicher verbindlicher Mindeststandards f\u00fcr die Unterbringung von Gefl\u00fcchteten<\/a><\/li><li><a href=\"http:\/\/spd-agmuv-breisgau.de\/wp-content\/uploads\/2021\/01\/Antrag-Bleibeverpflichtung-in-Erstaufnahme-AnKerzentrum.pdf\">Beschr\u00e4nkung der Bleibeverpflichtung von Gefl\u00fcchteten in Erstaufnahme\/AnKer-Einrichtungen auf 6 Monate<\/a><\/li><li><a href=\"http:\/\/spd-agmuv-breisgau.de\/wp-content\/uploads\/2021\/01\/2019-06-28-Resolution-Abstimmungsverhalten-SPD-zu-Migrationsgesetzen.pdf\">Resolution zur Abstimmung der SPD bei Migrationsgesetzen &#8211; 2019-06-28<\/a><\/li><li><a href=\"http:\/\/spd-agmuv-breisgau.de\/?p=69\" data-type=\"URL\" data-id=\"http:\/\/spd-agmuv-breisgau.de\/?p=69\">Integration erm\u00f6glichen &#8211; 2018<\/a><\/li><li><a href=\"http:\/\/spd-agmuv-breisgau.de\/?p=106\" data-type=\"URL\" data-id=\"http:\/\/spd-agmuv-breisgau.de\/?p=106\">Ankerzentren in Deutschland &#8211; 2018<\/a><\/li><\/ul>\n\n\n\n<p><\/p>\n","protected":false},"excerpt":{"rendered":"<p>Abschaffung der Wohnsitzauflage f\u00fcr Gefl\u00fcchtete Schaffung einheitlicher verbindlicher Mindeststandards f\u00fcr die Unterbringung von Gefl\u00fcchteten Beschr\u00e4nkung der Bleibeverpflichtung von Gefl\u00fcchteten in Erstaufnahme\/AnKer-Einrichtungen auf 6 Monate Resolution zur Abstimmung der SPD bei Migrationsgesetzen &#8211; 2019-06-28 Integration erm\u00f6glichen &#8211; 2018 Ankerzentren in Deutschland &#8211; 2018<\/p>\n","protected":false},"author":2,"featured_media":0,"parent":0,"menu_order":0,"comment_status":"closed","ping_status":"closed","template":"","meta":[],"_links":{"self":[{"href":"https:\/\/spd-agmuv-breisgau.de\/index.php?rest_route=\/wp\/v2\/pages\/223"}],"collection":[{"href":"https:\/\/spd-agmuv-breisgau.de\/index.php?rest_route=\/wp\/v2\/pages"}],"about":[{"href":"https:\/\/spd-agmuv-breisgau.de\/index.php?rest_route=\/wp\/v2\/types\/page"}],"author":[{"embeddable":true,"href":"https:\/\/spd-agmuv-breisgau.de\/index.php?rest_route=\/wp\/v2\/users\/2"}],"replies":[{"embeddable":true,"href":"https:\/\/spd-agmuv-breisgau.de\/index.php?rest_route=%2Fwp%2Fv2%2Fcomments&post=223"}],"version-history":[{"count":6,"href":"https:\/\/spd-agmuv-breisgau.de\/index.php?rest_route=\/wp\/v2\/pages\/223\/revisions"}],"predecessor-version":[{"id":256,"href":"https:\/\/spd-agmuv-breisgau.de\/index.php?rest_route=\/wp\/v2\/pages\/223\/revisions\/256"}],"wp:attachment":[{"href":"https:\/\/spd-agmuv-breisgau.de\/index.php?rest_route=%2Fwp%2Fv2%2Fmedia&parent=223"}],"curies":[{"name":"wp","href":"https:\/\/api.w.org\/{rel}","templated":true}]}}